{"id":28,"date":"2016-09-05T18:34:40","date_gmt":"2016-09-05T17:34:40","guid":{"rendered":"http:\/\/www.claudeguyot.com\/?page_id=28"},"modified":"2016-09-05T22:39:18","modified_gmt":"2016-09-05T21:39:18","slug":"claude-guyot","status":"publish","type":"page","link":"https:\/\/www.claudeguyot.com\/index.php\/claude-guyot\/","title":{"rendered":"Claude Guyot"},"content":{"rendered":"<p><strong>N\u00e9 le 28 f\u00e9vrier 1890 \u00e0 Arnay-le-Duc (C\u00f4te-d&rsquo;Or)<\/strong><\/p>\n<p class=\"biographie\"><strong>D\u00e9c\u00e9d\u00e9 le 30 avril 1965 \u00e0 Arnay-le-Duc\u00a0<\/strong><\/p>\n<p class=\"biographie\"><strong>Membre de la premi\u00e8re Assembl\u00e9e nationale <\/strong><strong>constituante (6 Novembre 1945 &#8211; 10 Juin 1946)<\/strong><\/p>\n<p class=\"biographie\"><strong>Claude Guyot, apr\u00e8s avoir fait ses \u00e9tudes secondaires \u00e0 Arnay-le-Duc et \u00e0 Autun pr\u00e9pare une licence \u00e8s lettres &#8211; qu&rsquo;il obtient en 1911 &#8211; tout en travaillant comme ma\u00eetre d&rsquo;internat aux lyc\u00e9es de M\u00e2con puis de Dijon. Soustrait \u00e0 la vie civile en 1911 pour satisfaire aux obligations du service militaire, il fut d\u00e9mobilis\u00e9 pr\u00e8s de huit ann\u00e9es plus tard, en 1919. Agr\u00e9g\u00e9 de grammaire en 1920, il exerce la profession de <\/strong><strong>professeur aux lyc\u00e9es de Clermont de 1920 \u00e0 1921 et de Dijon de 1921 \u00e0 1950.<\/strong><\/p>\n<p class=\"biographie\"><strong>En 1921, Claude Guyot renoue avec le groupe socialiste de Dijon auquel il avait appartenu dix ans plus t\u00f4t avant son d\u00e9part sous les drapeaux. Il participe au niveau local \u00e0 l&rsquo;oeuvre de reconstruction de la \u00a0\u00bb Vieille maison \u00a0\u00bb d\u00e9sert\u00e9e apr\u00e8s le congr\u00e8s de Tours. Ainsi, en d\u00e9cembre 1922, avec Paul Faure et le docteur Charles Bouhey-Allex, jette-t-il les bases de la section socialiste d&rsquo;Arnay-le-Duc (Dictionnaire biographique du mouvement ouvrier fran\u00e7ais). Claude Guyot est alors un militant socialiste des plus actifs. Conseiller municipal de sa commune de naissance en 1925, maire en 1926, il se pr\u00e9sente sans succ\u00e8s aux \u00e9lections l\u00e9gislatives de 1928, 1932 et 1936 dans l&rsquo;arrondissement de Semur-en-Auxois.<\/strong><\/p>\n<p class=\"biographie\"><strong>Le gouvernement de Vichy r\u00e9voque Claude Guyot en 1942. Il participe \u00e0 l&rsquo;action du mouvement de r\u00e9sistance Lib\u00e9ration-Nord o\u00f9 les socialistes sont nombreux. A la Lib\u00e9ration, Claude Guyot pr\u00e9side le Comit\u00e9 d\u00e9partemental de la lib\u00e9ration (CDL) et retrouve sa mairie. Le 21 octobre 1945, le jour des \u00e9lections \u00e0 l&rsquo;Assembl\u00e9e Constituante, Claude Guyot sollicite les suffrages des \u00e9lecteurs de la C\u00f4te-d&rsquo;Or derri\u00e8re Jean Bouhey qui s&rsquo;\u00e9tait fortement oppos\u00e9 aux accords de Munich en 1938. La liste socialiste, avec 56 754 voix sur 164 219 suffrages exprim\u00e9s, est devanc\u00e9e par la liste conduite par le chanoine F\u00e9lix Kir. Claude Guyot est \u00e9lu d\u00e9put\u00e9 \u00e0 la plus forte moyenne. Il intervient lors des d\u00e9bats sur le budget de l&rsquo;Education nationale en 1945 et sur le projet constitutionnel en 1946 que du reste il approuve.<\/strong><\/p>\n<p class=\"biographie\"><strong>Le 2 juin 1946, aux \u00e9lections \u00e0 la seconde Assembl\u00e9e nationale, la liste SFIO, \u00e0 la composition inchang\u00e9e, totalise 47 893 voix sur 167 006 suffrages exprim\u00e9s. Jean Bouhey, t\u00eate de liste, est r\u00e9\u00e9lu mais le l\u00e9ger recul de la liste interdit \u00e0 Claude Guyot de l&rsquo;\u00eatre cette fois-ci. La liste des Ind\u00e9pendants conduite par F\u00e9lix Kir obtient ainsi un troisi\u00e8me si\u00e8ge. Le 10 novembre 1946, pour la d\u00e9signation de la premi\u00e8re Assembl\u00e9e nationale de la IV\u00e8me R\u00e9publique, Claude Guyot est \u00e0 nouveau deuxi\u00e8me de la liste conduite par Jean Bouhey. Bien que la repr\u00e9sentation du d\u00e9partement soit pass\u00e9e de 4 \u00e0 5 si\u00e8ges, la liste socialiste avec 47 201 voix sur 160 591 suffrages ne peut r\u00e9cup\u00e9rer le second si\u00e8ge qu&rsquo;elle avait perdu le 2 juin. Le cinqui\u00e8me si\u00e8ge \u00e9choue au progressiste Pierre Meunier. En 1951, Claude Guyot d\u00e9cide de ne plus se pr\u00e9senter aux \u00e9lections l\u00e9gislatives, mais conserve son poste de maire d&rsquo;Arnay-le-Duc jusqu&rsquo;\u00e0 son d\u00e9c\u00e8s survenu le 30 avril 1965.<\/strong><\/p>\n<p>&nbsp;<\/p>\n","protected":false},"excerpt":{"rendered":"<p>N\u00e9 le 28 f\u00e9vrier 1890 \u00e0 Arnay-le-Duc (C\u00f4te-d&rsquo;Or) D\u00e9c\u00e9d\u00e9 le 30 avril 1965 \u00e0 Arnay-le-Duc\u00a0 Membre de la premi\u00e8re Assembl\u00e9e nationale constituante (6 Novembre 1945 &#8211; 10 Juin 1946) Claude Guyot, apr\u00e8s avoir fait ses \u00e9tudes secondaires \u00e0 Arnay-le-Duc et \u00e0 Autun pr\u00e9pare une licence \u00e8s lettres &#8211; qu&rsquo;il obtient en 1911 &#8211; tout en &hellip; <a href=\"https:\/\/www.claudeguyot.com\/index.php\/claude-guyot\/\" class=\"more-link\">Continuer la lecture de <span class=\"screen-reader-text\">Claude Guyot<\/span>  <span class=\"meta-nav\">&rarr;<\/span><\/a><\/p>\n","protected":false},"author":1,"featured_media":74,"parent":0,"menu_order":2,"comment_status":"closed","ping_status":"closed","template":"page-templates\/full-width.php","meta":{"footnotes":""},"class_list":["post-28","page","type-page","status-publish","has-post-thumbnail","hentry"],"yoast_head":"<!-- This site is optimized with the Yoast SEO plugin v19.9 - https:\/\/yoast.com\/wordpress\/plugins\/seo\/ -->\n<title>Claude Guyot - Association Claude Guyot<\/title>\n<meta name=\"robots\" content=\"index, follow, max-snippet:-1, max-image-preview:large, max-video-preview:-1\" \/>\n<link rel=\"canonical\" href=\"https:\/\/www.claudeguyot.com\/index.php\/claude-guyot\/\" \/>\n<meta property=\"og:locale\" content=\"fr_FR\" \/>\n<meta property=\"og:type\" content=\"article\" \/>\n<meta property=\"og:title\" content=\"Claude Guyot - Association Claude Guyot\" \/>\n<meta property=\"og:description\" content=\"N\u00e9 le 28 f\u00e9vrier 1890 \u00e0 Arnay-le-Duc (C\u00f4te-d&rsquo;Or) D\u00e9c\u00e9d\u00e9 le 30 avril 1965 \u00e0 Arnay-le-Duc\u00a0 Membre de la premi\u00e8re Assembl\u00e9e nationale constituante (6 Novembre 1945 &#8211; 10 Juin 1946) Claude Guyot, apr\u00e8s avoir fait ses \u00e9tudes secondaires \u00e0 Arnay-le-Duc et \u00e0 Autun pr\u00e9pare une licence \u00e8s lettres &#8211; qu&rsquo;il obtient en 1911 &#8211; tout en &hellip; Continuer la lecture de Claude Guyot &rarr;\" \/>\n<meta property=\"og:url\" content=\"https:\/\/www.claudeguyot.com\/index.php\/claude-guyot\/\" \/>\n<meta property=\"og:site_name\" content=\"Association Claude Guyot\" \/>\n<meta property=\"article:modified_time\" content=\"2016-09-05T21:39:18+00:00\" \/>\n<meta property=\"og:image\" content=\"https:\/\/www.claudeguyot.com\/wp-content\/uploads\/2016\/09\/Claude-guyot_21.jpg\" \/>\n\t<meta property=\"og:image:width\" content=\"220\" \/>\n\t<meta property=\"og:image:height\" content=\"233\" \/>\n\t<meta property=\"og:image:type\" content=\"image\/jpeg\" \/>\n<meta name=\"twitter:card\" content=\"summary_large_image\" \/>\n<meta name=\"twitter:label1\" content=\"Dur\u00e9e de lecture estim\u00e9e\" \/>\n\t<meta name=\"twitter:data1\" content=\"3 minutes\" \/>\n<script type=\"application\/ld+json\" class=\"yoast-schema-graph\">{\"@context\":\"https:\/\/schema.org\",\"@graph\":[{\"@type\":\"WebPage\",\"@id\":\"https:\/\/www.claudeguyot.com\/index.php\/claude-guyot\/\",\"url\":\"https:\/\/www.claudeguyot.com\/index.php\/claude-guyot\/\",\"name\":\"Claude Guyot - Association Claude Guyot\",\"isPartOf\":{\"@id\":\"https:\/\/www.claudeguyot.com\/#website\"},\"datePublished\":\"2016-09-05T17:34:40+00:00\",\"dateModified\":\"2016-09-05T21:39:18+00:00\",\"breadcrumb\":{\"@id\":\"https:\/\/www.claudeguyot.com\/index.php\/claude-guyot\/#breadcrumb\"},\"inLanguage\":\"fr-FR\",\"potentialAction\":[{\"@type\":\"ReadAction\",\"target\":[\"https:\/\/www.claudeguyot.com\/index.php\/claude-guyot\/\"]}]},{\"@type\":\"BreadcrumbList\",\"@id\":\"https:\/\/www.claudeguyot.com\/index.php\/claude-guyot\/#breadcrumb\",\"itemListElement\":[{\"@type\":\"ListItem\",\"position\":1,\"name\":\"Accueil\",\"item\":\"https:\/\/www.claudeguyot.com\/\"},{\"@type\":\"ListItem\",\"position\":2,\"name\":\"Claude Guyot\"}]},{\"@type\":\"WebSite\",\"@id\":\"https:\/\/www.claudeguyot.com\/#website\",\"url\":\"https:\/\/www.claudeguyot.com\/\",\"name\":\"Association Claude Guyot\",\"description\":\"Association loi 1901 reconnue d&#039;int\u00e9r\u00eat g\u00e9n\u00e9ral\",\"potentialAction\":[{\"@type\":\"SearchAction\",\"target\":{\"@type\":\"EntryPoint\",\"urlTemplate\":\"https:\/\/www.claudeguyot.com\/?s={search_term_string}\"},\"query-input\":\"required name=search_term_string\"}],\"inLanguage\":\"fr-FR\"}]}<\/script>\n<!-- \/ Yoast SEO plugin. -->","yoast_head_json":{"title":"Claude Guyot - Association Claude Guyot","robots":{"index":"index","follow":"follow","max-snippet":"max-snippet:-1","max-image-preview":"max-image-preview:large","max-video-preview":"max-video-preview:-1"},"canonical":"https:\/\/www.claudeguyot.com\/index.php\/claude-guyot\/","og_locale":"fr_FR","og_type":"article","og_title":"Claude Guyot - Association Claude Guyot","og_description":"N\u00e9 le 28 f\u00e9vrier 1890 \u00e0 Arnay-le-Duc (C\u00f4te-d&rsquo;Or) D\u00e9c\u00e9d\u00e9 le 30 avril 1965 \u00e0 Arnay-le-Duc\u00a0 Membre de la premi\u00e8re Assembl\u00e9e nationale constituante (6 Novembre 1945 &#8211; 10 Juin 1946) Claude Guyot, apr\u00e8s avoir fait ses \u00e9tudes secondaires \u00e0 Arnay-le-Duc et \u00e0 Autun pr\u00e9pare une licence \u00e8s lettres &#8211; qu&rsquo;il obtient en 1911 &#8211; tout en &hellip; Continuer la lecture de Claude Guyot &rarr;","og_url":"https:\/\/www.claudeguyot.com\/index.php\/claude-guyot\/","og_site_name":"Association Claude Guyot","article_modified_time":"2016-09-05T21:39:18+00:00","og_image":[{"width":220,"height":233,"url":"https:\/\/www.claudeguyot.com\/wp-content\/uploads\/2016\/09\/Claude-guyot_21.jpg","type":"image\/jpeg"}],"twitter_card":"summary_large_image","twitter_misc":{"Dur\u00e9e de lecture estim\u00e9e":"3 minutes"},"schema":{"@context":"https:\/\/schema.org","@graph":[{"@type":"WebPage","@id":"https:\/\/www.claudeguyot.com\/index.php\/claude-guyot\/","url":"https:\/\/www.claudeguyot.com\/index.php\/claude-guyot\/","name":"Claude Guyot - Association Claude Guyot","isPartOf":{"@id":"https:\/\/www.claudeguyot.com\/#website"},"datePublished":"2016-09-05T17:34:40+00:00","dateModified":"2016-09-05T21:39:18+00:00","breadcrumb":{"@id":"https:\/\/www.claudeguyot.com\/index.php\/claude-guyot\/#breadcrumb"},"inLanguage":"fr-FR","potentialAction":[{"@type":"ReadAction","target":["https:\/\/www.claudeguyot.com\/index.php\/claude-guyot\/"]}]},{"@type":"BreadcrumbList","@id":"https:\/\/www.claudeguyot.com\/index.php\/claude-guyot\/#breadcrumb","itemListElement":[{"@type":"ListItem","position":1,"name":"Accueil","item":"https:\/\/www.claudeguyot.com\/"},{"@type":"ListItem","position":2,"name":"Claude Guyot"}]},{"@type":"WebSite","@id":"https:\/\/www.claudeguyot.com\/#website","url":"https:\/\/www.claudeguyot.com\/","name":"Association Claude Guyot","description":"Association loi 1901 reconnue d&#039;int\u00e9r\u00eat g\u00e9n\u00e9ral","potentialAction":[{"@type":"SearchAction","target":{"@type":"EntryPoint","urlTemplate":"https:\/\/www.claudeguyot.com\/?s={search_term_string}"},"query-input":"required name=search_term_string"}],"inLanguage":"fr-FR"}]}},"_links":{"self":[{"href":"https:\/\/www.claudeguyot.com\/index.php\/wp-json\/wp\/v2\/pages\/28","targetHints":{"allow":["GET"]}}],"collection":[{"href":"https:\/\/www.claudeguyot.com\/index.php\/wp-json\/wp\/v2\/pages"}],"about":[{"href":"https:\/\/www.claudeguyot.com\/index.php\/wp-json\/wp\/v2\/types\/page"}],"author":[{"embeddable":true,"href":"https:\/\/www.claudeguyot.com\/index.php\/wp-json\/wp\/v2\/users\/1"}],"replies":[{"embeddable":true,"href":"https:\/\/www.claudeguyot.com\/index.php\/wp-json\/wp\/v2\/comments?post=28"}],"version-history":[{"count":3,"href":"https:\/\/www.claudeguyot.com\/index.php\/wp-json\/wp\/v2\/pages\/28\/revisions"}],"predecessor-version":[{"id":49,"href":"https:\/\/www.claudeguyot.com\/index.php\/wp-json\/wp\/v2\/pages\/28\/revisions\/49"}],"wp:featuredmedia":[{"embeddable":true,"href":"https:\/\/www.claudeguyot.com\/index.php\/wp-json\/wp\/v2\/media\/74"}],"wp:attachment":[{"href":"https:\/\/www.claudeguyot.com\/index.php\/wp-json\/wp\/v2\/media?parent=28"}],"curies":[{"name":"wp","href":"https:\/\/api.w.org\/{rel}","templated":true}]}}