{"id":36,"date":"2016-09-05T18:47:23","date_gmt":"2016-09-05T17:47:23","guid":{"rendered":"http:\/\/www.claudeguyot.com\/?page_id=36"},"modified":"2023-03-15T14:31:09","modified_gmt":"2023-03-15T13:31:09","slug":"le-bureau","status":"publish","type":"page","link":"https:\/\/www.claudeguyot.com\/index.php\/le-bureau\/","title":{"rendered":"Composition du bureau"},"content":{"rendered":"<p style=\"text-align: center;\"><\/p>\n\n<div class=\"wp-block-image\">\n<figure class=\"aligncenter size-full\"><img loading=\"lazy\" decoding=\"async\" width=\"186\" height=\"186\" src=\"https:\/\/www.claudeguyot.com\/wp-content\/uploads\/2023\/02\/Bureau-1-1-Copie.jpg\" alt=\"\" class=\"wp-image-1088\" srcset=\"https:\/\/www.claudeguyot.com\/wp-content\/uploads\/2023\/02\/Bureau-1-1-Copie.jpg 186w, https:\/\/www.claudeguyot.com\/wp-content\/uploads\/2023\/02\/Bureau-1-1-Copie-150x150.jpg 150w\" sizes=\"auto, (max-width: 186px) 100vw, 186px\" \/><\/figure><\/div>\n\n\n<p class=\"has-text-align-center\"><strong>Raymond Aubrac (\u2020)<\/strong><\/p>\n\n\n\n<p class=\"has-text-align-center\">Pr\u00e9sident d&rsquo;Honneur et membre fondateur de l&rsquo;Association Claude Guyot<\/p>\n\n\n\n<p class=\"has-text-align-center\">Ancien Commissaire de la R\u00e9publique &#8211; R\u00e9sistant<\/p>\n\n\n\n<p class=\"has-text-align-center\">Grand croix de la L\u00e9gion d&rsquo;honneur<\/p>\n\n\n\n<p class=\"has-text-align-center\"><strong>Renaud Helfer-Aubrac<\/strong><\/p>\n\n\n\n<p class=\"has-text-align-center\">Pr\u00e9sident d&rsquo;honneur de l&rsquo;Association Claude Guyot<\/p>\n\n\n\n<p class=\"has-text-align-center\">Ancien Conseiller du Maire de Paris &#8211; DGS du D\u00e9partement de la Gironde<\/p>\n\n\n<div class=\"wp-block-image\">\n<figure class=\"aligncenter size-large is-resized\"><img loading=\"lazy\" decoding=\"async\" src=\"https:\/\/www.claudeguyot.com\/wp-content\/uploads\/2023\/03\/Hadrien-Trombi-2-768x1024.jpg\" alt=\"\" class=\"wp-image-1102\" width=\"245\" height=\"328\" srcset=\"https:\/\/www.claudeguyot.com\/wp-content\/uploads\/2023\/03\/Hadrien-Trombi-2-768x1024.jpg 768w, https:\/\/www.claudeguyot.com\/wp-content\/uploads\/2023\/03\/Hadrien-Trombi-2-225x300.jpg 225w, https:\/\/www.claudeguyot.com\/wp-content\/uploads\/2023\/03\/Hadrien-Trombi-2-600x800.jpg 600w, https:\/\/www.claudeguyot.com\/wp-content\/uploads\/2023\/03\/Hadrien-Trombi-2.jpg 982w\" sizes=\"auto, (max-width: 245px) 100vw, 245px\" \/><\/figure><\/div>\n\n\n<p class=\"has-text-align-center\"><strong>Hadrien Lacoste<\/strong><\/p>\n\n\n\n<p class=\"has-text-align-center\">Pr\u00e9sident de l&rsquo;Association Claude Guyot<\/p>\n\n\n\n<p class=\"has-text-align-center\">1er vice-pr\u00e9sident de l&rsquo;<a href=\"https:\/\/musee-clemenceau-delattre.fr\/linstitut-vendeen-clemenceau-de-lattre\">Institut Vend\u00e9en Clemenceau de Lattre<\/a><\/p>\n\n\n<div class=\"wp-block-image\">\n<figure class=\"aligncenter size-full\"><img loading=\"lazy\" decoding=\"async\" width=\"242\" height=\"259\" src=\"https:\/\/www.claudeguyot.com\/wp-content\/uploads\/2023\/02\/Bureau-2-Copie-Copie.jpg\" alt=\"\" class=\"wp-image-1090\"\/><\/figure><\/div>\n\n\n<p class=\"has-text-align-center\"><strong><a href=\"https:\/\/fr.wikipedia.org\/wiki\/Jacques_Perot\">Jacques Perot<\/a><\/strong><\/p>\n\n\n\n<p class=\"has-text-align-center\">1er Vice-pr\u00e9sident de l&rsquo;Association Claude Guyot<\/p>\n\n\n\n<p class=\"has-text-align-center\">Conservateur g\u00e9n\u00e9ral (h) du Patrimoine<\/p>\n\n\n\n<p class=\"has-text-align-center\">Membre correspondant de l&rsquo;Institut<\/p>\n\n\n\n<p class=\"has-text-align-center\">(Acad\u00e9mie des sciences morales et politiques)<\/p>\n\n\n<div class=\"wp-block-image\">\n<figure class=\"aligncenter size-full\"><img loading=\"lazy\" decoding=\"async\" width=\"148\" height=\"308\" src=\"https:\/\/www.claudeguyot.com\/wp-content\/uploads\/2023\/02\/Bureau-3-Copie.jpg\" alt=\"\" class=\"wp-image-1091\" srcset=\"https:\/\/www.claudeguyot.com\/wp-content\/uploads\/2023\/02\/Bureau-3-Copie.jpg 148w, https:\/\/www.claudeguyot.com\/wp-content\/uploads\/2023\/02\/Bureau-3-Copie-144x300.jpg 144w\" sizes=\"auto, (max-width: 148px) 100vw, 148px\" \/><\/figure><\/div>\n\n\n<p class=\"has-text-align-center\"><strong>Estelle Danton-Maublant<\/strong><\/p>\n\n\n\n<p class=\"has-text-align-center\">2\u00e8me Vice-pr\u00e9sidente de l&rsquo;Association Claude Guyot<\/p>\n\n\n<div class=\"wp-block-image\">\n<figure class=\"aligncenter size-full\"><img loading=\"lazy\" decoding=\"async\" width=\"227\" height=\"261\" src=\"https:\/\/www.claudeguyot.com\/wp-content\/uploads\/2023\/02\/Bureau-3-1.jpg\" alt=\"\" class=\"wp-image-1092\"\/><\/figure><\/div>\n\n\n<p class=\"has-text-align-center\"><strong>Audrey Roland<\/strong><\/p>\n\n\n\n<p class=\"has-text-align-center\">3\u00e8me Vice-pr\u00e9sidente de l&rsquo;Association Claude Guyot<\/p>\n\n\n<div class=\"wp-block-image\">\n<figure class=\"aligncenter size-full\"><img loading=\"lazy\" decoding=\"async\" width=\"244\" height=\"259\" src=\"https:\/\/www.claudeguyot.com\/wp-content\/uploads\/2023\/02\/Bureau-4-Copie.jpg\" alt=\"\" class=\"wp-image-1093\"\/><\/figure><\/div>\n\n\n<p class=\"has-text-align-center\"><strong>Ma\u00eetre Ernest-Yufeng Yan<\/strong><\/p>\n\n\n\n<p class=\"has-text-align-center\">Secr\u00e9taire G\u00e9n\u00e9ral de l&rsquo;Association Claude Guyot<\/p>\n\n\n\n<p class=\"has-text-align-center\">Avocat \u00e0 la Cour<\/p>\n\n\n<div class=\"wp-block-image\">\n<figure class=\"aligncenter size-full is-resized\"><img loading=\"lazy\" decoding=\"async\" src=\"https:\/\/www.claudeguyot.com\/wp-content\/uploads\/2023\/02\/Mme-MEURIOT-PHOTO.jpeg\" alt=\"\" class=\"wp-image-1094\" width=\"178\" height=\"189\"\/><\/figure><\/div>\n\n\n<p class=\"has-text-align-center\"><strong>Docteur Jeanine Meuriot-Rimet<\/strong><\/p>\n\n\n\n<p class=\"has-text-align-center\">Secr\u00e9taire G\u00e9n\u00e9rale adjointe<\/p>\n\n\n<div class=\"wp-block-image\">\n<figure class=\"aligncenter size-full\"><img loading=\"lazy\" decoding=\"async\" width=\"245\" height=\"259\" src=\"https:\/\/www.claudeguyot.com\/wp-content\/uploads\/2023\/02\/Bureau-5.jpg\" alt=\"\" class=\"wp-image-1095\"\/><\/figure><\/div>\n\n\n<p class=\"has-text-align-center\"><strong>Marie-Alix Cherchillez<\/strong><\/p>\n\n\n\n<p class=\"has-text-align-center\">Tr\u00e9sori\u00e8re&nbsp;<\/p>\n\n\n\n<p class=\"has-text-align-center\">Charg\u00e9e de la communication<\/p>\n\n\n<div class=\"wp-block-image\">\n<figure class=\"aligncenter size-full is-resized\"><img loading=\"lazy\" decoding=\"async\" src=\"https:\/\/www.claudeguyot.com\/wp-content\/uploads\/2023\/03\/Evelyne-Deloince.jpg\" alt=\"\" class=\"wp-image-1105\" width=\"167\" height=\"255\" srcset=\"https:\/\/www.claudeguyot.com\/wp-content\/uploads\/2023\/03\/Evelyne-Deloince.jpg 228w, https:\/\/www.claudeguyot.com\/wp-content\/uploads\/2023\/03\/Evelyne-Deloince-197x300.jpg 197w\" sizes=\"auto, (max-width: 167px) 100vw, 167px\" \/><\/figure><\/div>\n\n\n<p class=\"has-text-align-center\"><strong>Evelyne DELOINCE<\/strong><\/p>\n\n\n\n<p class=\"has-text-align-center\">Tr\u00e9sori\u00e8re adjointe<\/p>\n\n\n\n<p class=\"has-text-align-center\">Adjointe au maire d&rsquo;Arnay-le-Duc<\/p>\n\n\n\n\n\n\n\n\n\n\n\n\n\n\n\n\n\n\n\n\n","protected":false},"excerpt":{"rendered":"<p>Raymond Aubrac (\u2020) Pr\u00e9sident d&rsquo;Honneur et membre fondateur de l&rsquo;Association Claude Guyot Ancien Commissaire de la R\u00e9publique &#8211; R\u00e9sistant Grand croix de la L\u00e9gion d&rsquo;honneur Renaud Helfer-Aubrac Pr\u00e9sident d&rsquo;honneur de l&rsquo;Association Claude Guyot Ancien Conseiller du Maire de Paris &#8211; DGS du D\u00e9partement de la Gironde Hadrien Lacoste Pr\u00e9sident de l&rsquo;Association Claude Guyot 1er vice-pr\u00e9sident &hellip; <a href=\"https:\/\/www.claudeguyot.com\/index.php\/le-bureau\/\" class=\"more-link\">Continuer la lecture de <span class=\"screen-reader-text\">Composition du bureau<\/span>  <span class=\"meta-nav\">&rarr;<\/span><\/a><\/p>\n","protected":false},"author":1,"featured_media":0,"parent":0,"menu_order":3,"comment_status":"closed","ping_status":"closed","template":"","meta":{"footnotes":""},"class_list":["post-36","page","type-page","status-publish","hentry"],"yoast_head":"<!-- This site is optimized with the Yoast SEO plugin v19.9 - https:\/\/yoast.com\/wordpress\/plugins\/seo\/ -->\n<title>Composition du bureau - Association Claude Guyot<\/title>\n<meta name=\"robots\" content=\"index, follow, max-snippet:-1, max-image-preview:large, max-video-preview:-1\" \/>\n<link rel=\"canonical\" href=\"https:\/\/www.claudeguyot.com\/index.php\/le-bureau\/\" \/>\n<meta property=\"og:locale\" content=\"fr_FR\" \/>\n<meta property=\"og:type\" content=\"article\" \/>\n<meta property=\"og:title\" content=\"Composition du bureau - Association Claude Guyot\" \/>\n<meta property=\"og:description\" content=\"Raymond Aubrac (\u2020) Pr\u00e9sident d&rsquo;Honneur et membre fondateur de l&rsquo;Association Claude Guyot Ancien Commissaire de la R\u00e9publique &#8211; R\u00e9sistant Grand croix de la L\u00e9gion d&rsquo;honneur Renaud Helfer-Aubrac Pr\u00e9sident d&rsquo;honneur de l&rsquo;Association Claude Guyot Ancien Conseiller du Maire de Paris &#8211; DGS du D\u00e9partement de la Gironde Hadrien Lacoste Pr\u00e9sident de l&rsquo;Association Claude Guyot 1er vice-pr\u00e9sident &hellip; Continuer la lecture de Composition du bureau &rarr;\" \/>\n<meta property=\"og:url\" content=\"https:\/\/www.claudeguyot.com\/index.php\/le-bureau\/\" \/>\n<meta property=\"og:site_name\" content=\"Association Claude Guyot\" \/>\n<meta property=\"article:modified_time\" content=\"2023-03-15T13:31:09+00:00\" \/>\n<meta property=\"og:image\" content=\"https:\/\/www.claudeguyot.com\/wp-content\/uploads\/2023\/02\/Bureau-1-1-Copie.jpg\" \/>\n<meta name=\"twitter:card\" content=\"summary_large_image\" \/>\n<meta name=\"twitter:label1\" content=\"Dur\u00e9e de lecture estim\u00e9e\" \/>\n\t<meta name=\"twitter:data1\" content=\"5 minutes\" \/>\n<script type=\"application\/ld+json\" class=\"yoast-schema-graph\">{\"@context\":\"https:\/\/schema.org\",\"@graph\":[{\"@type\":\"WebPage\",\"@id\":\"https:\/\/www.claudeguyot.com\/index.php\/le-bureau\/\",\"url\":\"https:\/\/www.claudeguyot.com\/index.php\/le-bureau\/\",\"name\":\"Composition du bureau - Association Claude Guyot\",\"isPartOf\":{\"@id\":\"https:\/\/www.claudeguyot.com\/#website\"},\"datePublished\":\"2016-09-05T17:47:23+00:00\",\"dateModified\":\"2023-03-15T13:31:09+00:00\",\"breadcrumb\":{\"@id\":\"https:\/\/www.claudeguyot.com\/index.php\/le-bureau\/#breadcrumb\"},\"inLanguage\":\"fr-FR\",\"potentialAction\":[{\"@type\":\"ReadAction\",\"target\":[\"https:\/\/www.claudeguyot.com\/index.php\/le-bureau\/\"]}]},{\"@type\":\"BreadcrumbList\",\"@id\":\"https:\/\/www.claudeguyot.com\/index.php\/le-bureau\/#breadcrumb\",\"itemListElement\":[{\"@type\":\"ListItem\",\"position\":1,\"name\":\"Accueil\",\"item\":\"https:\/\/www.claudeguyot.com\/\"},{\"@type\":\"ListItem\",\"position\":2,\"name\":\"Composition du bureau\"}]},{\"@type\":\"WebSite\",\"@id\":\"https:\/\/www.claudeguyot.com\/#website\",\"url\":\"https:\/\/www.claudeguyot.com\/\",\"name\":\"Association Claude Guyot\",\"description\":\"Association loi 1901 reconnue d&#039;int\u00e9r\u00eat g\u00e9n\u00e9ral\",\"potentialAction\":[{\"@type\":\"SearchAction\",\"target\":{\"@type\":\"EntryPoint\",\"urlTemplate\":\"https:\/\/www.claudeguyot.com\/?s={search_term_string}\"},\"query-input\":\"required name=search_term_string\"}],\"inLanguage\":\"fr-FR\"}]}<\/script>\n<!-- \/ Yoast SEO plugin. -->","yoast_head_json":{"title":"Composition du bureau - Association Claude Guyot","robots":{"index":"index","follow":"follow","max-snippet":"max-snippet:-1","max-image-preview":"max-image-preview:large","max-video-preview":"max-video-preview:-1"},"canonical":"https:\/\/www.claudeguyot.com\/index.php\/le-bureau\/","og_locale":"fr_FR","og_type":"article","og_title":"Composition du bureau - Association Claude Guyot","og_description":"Raymond Aubrac (\u2020) Pr\u00e9sident d&rsquo;Honneur et membre fondateur de l&rsquo;Association Claude Guyot Ancien Commissaire de la R\u00e9publique &#8211; R\u00e9sistant Grand croix de la L\u00e9gion d&rsquo;honneur Renaud Helfer-Aubrac Pr\u00e9sident d&rsquo;honneur de l&rsquo;Association Claude Guyot Ancien Conseiller du Maire de Paris &#8211; DGS du D\u00e9partement de la Gironde Hadrien Lacoste Pr\u00e9sident de l&rsquo;Association Claude Guyot 1er vice-pr\u00e9sident &hellip; Continuer la lecture de Composition du bureau &rarr;","og_url":"https:\/\/www.claudeguyot.com\/index.php\/le-bureau\/","og_site_name":"Association Claude Guyot","article_modified_time":"2023-03-15T13:31:09+00:00","og_image":[{"url":"https:\/\/www.claudeguyot.com\/wp-content\/uploads\/2023\/02\/Bureau-1-1-Copie.jpg"}],"twitter_card":"summary_large_image","twitter_misc":{"Dur\u00e9e de lecture estim\u00e9e":"5 minutes"},"schema":{"@context":"https:\/\/schema.org","@graph":[{"@type":"WebPage","@id":"https:\/\/www.claudeguyot.com\/index.php\/le-bureau\/","url":"https:\/\/www.claudeguyot.com\/index.php\/le-bureau\/","name":"Composition du bureau - Association Claude Guyot","isPartOf":{"@id":"https:\/\/www.claudeguyot.com\/#website"},"datePublished":"2016-09-05T17:47:23+00:00","dateModified":"2023-03-15T13:31:09+00:00","breadcrumb":{"@id":"https:\/\/www.claudeguyot.com\/index.php\/le-bureau\/#breadcrumb"},"inLanguage":"fr-FR","potentialAction":[{"@type":"ReadAction","target":["https:\/\/www.claudeguyot.com\/index.php\/le-bureau\/"]}]},{"@type":"BreadcrumbList","@id":"https:\/\/www.claudeguyot.com\/index.php\/le-bureau\/#breadcrumb","itemListElement":[{"@type":"ListItem","position":1,"name":"Accueil","item":"https:\/\/www.claudeguyot.com\/"},{"@type":"ListItem","position":2,"name":"Composition du bureau"}]},{"@type":"WebSite","@id":"https:\/\/www.claudeguyot.com\/#website","url":"https:\/\/www.claudeguyot.com\/","name":"Association Claude Guyot","description":"Association loi 1901 reconnue d&#039;int\u00e9r\u00eat g\u00e9n\u00e9ral","potentialAction":[{"@type":"SearchAction","target":{"@type":"EntryPoint","urlTemplate":"https:\/\/www.claudeguyot.com\/?s={search_term_string}"},"query-input":"required name=search_term_string"}],"inLanguage":"fr-FR"}]}},"_links":{"self":[{"href":"https:\/\/www.claudeguyot.com\/index.php\/wp-json\/wp\/v2\/pages\/36","targetHints":{"allow":["GET"]}}],"collection":[{"href":"https:\/\/www.claudeguyot.com\/index.php\/wp-json\/wp\/v2\/pages"}],"about":[{"href":"https:\/\/www.claudeguyot.com\/index.php\/wp-json\/wp\/v2\/types\/page"}],"author":[{"embeddable":true,"href":"https:\/\/www.claudeguyot.com\/index.php\/wp-json\/wp\/v2\/users\/1"}],"replies":[{"embeddable":true,"href":"https:\/\/www.claudeguyot.com\/index.php\/wp-json\/wp\/v2\/comments?post=36"}],"version-history":[{"count":31,"href":"https:\/\/www.claudeguyot.com\/index.php\/wp-json\/wp\/v2\/pages\/36\/revisions"}],"predecessor-version":[{"id":1106,"href":"https:\/\/www.claudeguyot.com\/index.php\/wp-json\/wp\/v2\/pages\/36\/revisions\/1106"}],"wp:attachment":[{"href":"https:\/\/www.claudeguyot.com\/index.php\/wp-json\/wp\/v2\/media?parent=36"}],"curies":[{"name":"wp","href":"https:\/\/api.w.org\/{rel}","templated":true}]}}