{"id":42,"date":"2016-09-05T18:50:00","date_gmt":"2016-09-05T17:50:00","guid":{"rendered":"http:\/\/www.claudeguyot.com\/?page_id=42"},"modified":"2020-03-19T12:59:41","modified_gmt":"2020-03-19T11:59:41","slug":"les-publications","status":"publish","type":"page","link":"https:\/\/www.claudeguyot.com\/index.php\/les-publications\/","title":{"rendered":"Les Publications"},"content":{"rendered":"<p><img loading=\"lazy\" decoding=\"async\" class=\"alignnone size-full wp-image-639\" src=\"https:\/\/www.claudeguyot.com\/wp-content\/uploads\/2018\/10\/IMG_20181017_143250_039.jpg\" alt=\"IMG_20181017_143250_039\" width=\"1080\" height=\"1350\" srcset=\"https:\/\/www.claudeguyot.com\/wp-content\/uploads\/2018\/10\/IMG_20181017_143250_039.jpg 1080w, https:\/\/www.claudeguyot.com\/wp-content\/uploads\/2018\/10\/IMG_20181017_143250_039-240x300.jpg 240w, https:\/\/www.claudeguyot.com\/wp-content\/uploads\/2018\/10\/IMG_20181017_143250_039-768x960.jpg 768w, https:\/\/www.claudeguyot.com\/wp-content\/uploads\/2018\/10\/IMG_20181017_143250_039-819x1024.jpg 819w, https:\/\/www.claudeguyot.com\/wp-content\/uploads\/2018\/10\/IMG_20181017_143250_039-600x750.jpg 600w\" sizes=\"auto, (max-width: 1080px) 100vw, 1080px\" \/><\/p>\n<p>Il est possible d\u2019acqu\u00e9rir le livre r\u00e9\u00e9dit\u00e9 de Claude Guyot intitul\u00e9 \u00ab\u00a0L&rsquo;Arrestation des Tantes du Roi \u00e0 Arnay-le-Duc (22 f\u00e9vrier &#8211; 4 mars 1791)\u00a0\u00bb au\u00a0prix de 13\u20ac \u00e0 la <a href=\"http:\/\/www.musee-artsdelatable.fr\/en\/\">Maison R\u00e9gionale des Arts de la Table<\/a>\u00a0d&rsquo;Arnay-le-Duc, en contactant l\u2019association Claude Guyot ou en commandant directement l&rsquo;ouvrage en ligne sur le site Internet de l\u2019association Claude Guyot en\u00a0<a href=\"https:\/\/www.weezevent.com\/widget_billeterie.php?id_evenement=384377&amp;lg_billetterie=1&amp;code=42312&amp;resize=1&amp;width_auto=1&amp;multi=77032.5.1.1&amp;color_primary=00AEEF&amp;\">cliquant\u00a0 ici.<\/a><\/p>\n","protected":false},"excerpt":{"rendered":"<p>Il est possible d\u2019acqu\u00e9rir le livre r\u00e9\u00e9dit\u00e9 de Claude Guyot intitul\u00e9 \u00ab\u00a0L&rsquo;Arrestation des Tantes du Roi \u00e0 Arnay-le-Duc (22 f\u00e9vrier &#8211; 4 mars 1791)\u00a0\u00bb au\u00a0prix de 13\u20ac \u00e0 la Maison R\u00e9gionale des Arts de la Table\u00a0d&rsquo;Arnay-le-Duc, en contactant l\u2019association Claude Guyot ou en commandant directement l&rsquo;ouvrage en ligne sur le site Internet de l\u2019association Claude &hellip; <a href=\"https:\/\/www.claudeguyot.com\/index.php\/les-publications\/\" class=\"more-link\">Continuer la lecture de <span class=\"screen-reader-text\">Les Publications<\/span>  <span class=\"meta-nav\">&rarr;<\/span><\/a><\/p>\n","protected":false},"author":1,"featured_media":0,"parent":0,"menu_order":6,"comment_status":"closed","ping_status":"closed","template":"","meta":{"footnotes":""},"class_list":["post-42","page","type-page","status-publish","hentry"],"yoast_head":"<!-- This site is optimized with the Yoast SEO plugin v19.9 - https:\/\/yoast.com\/wordpress\/plugins\/seo\/ -->\n<title>Les Publications - Association Claude Guyot<\/title>\n<meta name=\"robots\" content=\"index, follow, max-snippet:-1, max-image-preview:large, max-video-preview:-1\" \/>\n<link rel=\"canonical\" href=\"https:\/\/www.claudeguyot.com\/index.php\/les-publications\/\" \/>\n<meta property=\"og:locale\" content=\"fr_FR\" \/>\n<meta property=\"og:type\" content=\"article\" \/>\n<meta property=\"og:title\" content=\"Les Publications - Association Claude Guyot\" \/>\n<meta property=\"og:description\" content=\"Il est possible d\u2019acqu\u00e9rir le livre r\u00e9\u00e9dit\u00e9 de Claude Guyot intitul\u00e9 \u00ab\u00a0L&rsquo;Arrestation des Tantes du Roi \u00e0 Arnay-le-Duc (22 f\u00e9vrier &#8211; 4 mars 1791)\u00a0\u00bb au\u00a0prix de 13\u20ac \u00e0 la Maison R\u00e9gionale des Arts de la Table\u00a0d&rsquo;Arnay-le-Duc, en contactant l\u2019association Claude Guyot ou en commandant directement l&rsquo;ouvrage en ligne sur le site Internet de l\u2019association Claude &hellip; Continuer la lecture de Les Publications &rarr;\" \/>\n<meta property=\"og:url\" content=\"https:\/\/www.claudeguyot.com\/index.php\/les-publications\/\" \/>\n<meta property=\"og:site_name\" content=\"Association Claude Guyot\" \/>\n<meta property=\"article:modified_time\" content=\"2020-03-19T11:59:41+00:00\" \/>\n<meta property=\"og:image\" content=\"http:\/\/www.claudeguyot.com\/wp-content\/uploads\/2018\/10\/IMG_20181017_143250_039.jpg\" \/>\n<meta name=\"twitter:card\" content=\"summary_large_image\" \/>\n<script type=\"application\/ld+json\" class=\"yoast-schema-graph\">{\"@context\":\"https:\/\/schema.org\",\"@graph\":[{\"@type\":\"WebPage\",\"@id\":\"https:\/\/www.claudeguyot.com\/index.php\/les-publications\/\",\"url\":\"https:\/\/www.claudeguyot.com\/index.php\/les-publications\/\",\"name\":\"Les Publications - Association Claude Guyot\",\"isPartOf\":{\"@id\":\"https:\/\/www.claudeguyot.com\/#website\"},\"datePublished\":\"2016-09-05T17:50:00+00:00\",\"dateModified\":\"2020-03-19T11:59:41+00:00\",\"breadcrumb\":{\"@id\":\"https:\/\/www.claudeguyot.com\/index.php\/les-publications\/#breadcrumb\"},\"inLanguage\":\"fr-FR\",\"potentialAction\":[{\"@type\":\"ReadAction\",\"target\":[\"https:\/\/www.claudeguyot.com\/index.php\/les-publications\/\"]}]},{\"@type\":\"BreadcrumbList\",\"@id\":\"https:\/\/www.claudeguyot.com\/index.php\/les-publications\/#breadcrumb\",\"itemListElement\":[{\"@type\":\"ListItem\",\"position\":1,\"name\":\"Accueil\",\"item\":\"https:\/\/www.claudeguyot.com\/\"},{\"@type\":\"ListItem\",\"position\":2,\"name\":\"Les Publications\"}]},{\"@type\":\"WebSite\",\"@id\":\"https:\/\/www.claudeguyot.com\/#website\",\"url\":\"https:\/\/www.claudeguyot.com\/\",\"name\":\"Association Claude Guyot\",\"description\":\"Association loi 1901 reconnue d&#039;int\u00e9r\u00eat g\u00e9n\u00e9ral\",\"potentialAction\":[{\"@type\":\"SearchAction\",\"target\":{\"@type\":\"EntryPoint\",\"urlTemplate\":\"https:\/\/www.claudeguyot.com\/?s={search_term_string}\"},\"query-input\":\"required name=search_term_string\"}],\"inLanguage\":\"fr-FR\"}]}<\/script>\n<!-- \/ Yoast SEO plugin. -->","yoast_head_json":{"title":"Les Publications - Association Claude Guyot","robots":{"index":"index","follow":"follow","max-snippet":"max-snippet:-1","max-image-preview":"max-image-preview:large","max-video-preview":"max-video-preview:-1"},"canonical":"https:\/\/www.claudeguyot.com\/index.php\/les-publications\/","og_locale":"fr_FR","og_type":"article","og_title":"Les Publications - Association Claude Guyot","og_description":"Il est possible d\u2019acqu\u00e9rir le livre r\u00e9\u00e9dit\u00e9 de Claude Guyot intitul\u00e9 \u00ab\u00a0L&rsquo;Arrestation des Tantes du Roi \u00e0 Arnay-le-Duc (22 f\u00e9vrier &#8211; 4 mars 1791)\u00a0\u00bb au\u00a0prix de 13\u20ac \u00e0 la Maison R\u00e9gionale des Arts de la Table\u00a0d&rsquo;Arnay-le-Duc, en contactant l\u2019association Claude Guyot ou en commandant directement l&rsquo;ouvrage en ligne sur le site Internet de l\u2019association Claude &hellip; Continuer la lecture de Les Publications &rarr;","og_url":"https:\/\/www.claudeguyot.com\/index.php\/les-publications\/","og_site_name":"Association Claude Guyot","article_modified_time":"2020-03-19T11:59:41+00:00","og_image":[{"url":"http:\/\/www.claudeguyot.com\/wp-content\/uploads\/2018\/10\/IMG_20181017_143250_039.jpg"}],"twitter_card":"summary_large_image","schema":{"@context":"https:\/\/schema.org","@graph":[{"@type":"WebPage","@id":"https:\/\/www.claudeguyot.com\/index.php\/les-publications\/","url":"https:\/\/www.claudeguyot.com\/index.php\/les-publications\/","name":"Les Publications - Association Claude Guyot","isPartOf":{"@id":"https:\/\/www.claudeguyot.com\/#website"},"datePublished":"2016-09-05T17:50:00+00:00","dateModified":"2020-03-19T11:59:41+00:00","breadcrumb":{"@id":"https:\/\/www.claudeguyot.com\/index.php\/les-publications\/#breadcrumb"},"inLanguage":"fr-FR","potentialAction":[{"@type":"ReadAction","target":["https:\/\/www.claudeguyot.com\/index.php\/les-publications\/"]}]},{"@type":"BreadcrumbList","@id":"https:\/\/www.claudeguyot.com\/index.php\/les-publications\/#breadcrumb","itemListElement":[{"@type":"ListItem","position":1,"name":"Accueil","item":"https:\/\/www.claudeguyot.com\/"},{"@type":"ListItem","position":2,"name":"Les Publications"}]},{"@type":"WebSite","@id":"https:\/\/www.claudeguyot.com\/#website","url":"https:\/\/www.claudeguyot.com\/","name":"Association Claude Guyot","description":"Association loi 1901 reconnue d&#039;int\u00e9r\u00eat g\u00e9n\u00e9ral","potentialAction":[{"@type":"SearchAction","target":{"@type":"EntryPoint","urlTemplate":"https:\/\/www.claudeguyot.com\/?s={search_term_string}"},"query-input":"required name=search_term_string"}],"inLanguage":"fr-FR"}]}},"_links":{"self":[{"href":"https:\/\/www.claudeguyot.com\/index.php\/wp-json\/wp\/v2\/pages\/42","targetHints":{"allow":["GET"]}}],"collection":[{"href":"https:\/\/www.claudeguyot.com\/index.php\/wp-json\/wp\/v2\/pages"}],"about":[{"href":"https:\/\/www.claudeguyot.com\/index.php\/wp-json\/wp\/v2\/types\/page"}],"author":[{"embeddable":true,"href":"https:\/\/www.claudeguyot.com\/index.php\/wp-json\/wp\/v2\/users\/1"}],"replies":[{"embeddable":true,"href":"https:\/\/www.claudeguyot.com\/index.php\/wp-json\/wp\/v2\/comments?post=42"}],"version-history":[{"count":5,"href":"https:\/\/www.claudeguyot.com\/index.php\/wp-json\/wp\/v2\/pages\/42\/revisions"}],"predecessor-version":[{"id":852,"href":"https:\/\/www.claudeguyot.com\/index.php\/wp-json\/wp\/v2\/pages\/42\/revisions\/852"}],"wp:attachment":[{"href":"https:\/\/www.claudeguyot.com\/index.php\/wp-json\/wp\/v2\/media?parent=42"}],"curies":[{"name":"wp","href":"https:\/\/api.w.org\/{rel}","templated":true}]}}