{"id":46,"date":"2016-09-05T18:52:26","date_gmt":"2016-09-05T17:52:26","guid":{"rendered":"http:\/\/www.claudeguyot.com\/?page_id=46"},"modified":"2025-09-05T14:35:53","modified_gmt":"2025-09-05T13:35:53","slug":"adherer-en-ligne","status":"publish","type":"page","link":"https:\/\/www.claudeguyot.com\/index.php\/adherer-en-ligne\/","title":{"rendered":"Adh\u00e9sion et paiements en ligne"},"content":{"rendered":"<p>Vous pouvez dor\u00e9navant r\u00e9gler votre cotisation annuelle\u00a0directement sur notre site\u00a0via la plateforme Weezevent.<\/p>\n<p>L\u2019association Claude Guyot est reconnue d\u2019int\u00e9r\u00eat g\u00e9n\u00e9ral par la Direction des Finances Publiques. Les adh\u00e9rents, \u00e0 ce titre, peuvent d\u00e9duire de leur revenu 66% des sommes vers\u00e9es, dans la limite de 20% du revenu imposable.<\/p>\n<p>Payez votre cotisation en ligne :<\/p>\n<p><iframe loading=\"lazy\" id=\"weezmulti\" class=\"weezmulticlass\" src=\"https:\/\/www.weezevent.com\/widget_multi.php?77032.1.1\" width=\"100%\" height=\"100%\" frameborder=\"0\" scrolling=\"auto\"><\/iframe><script type=\"text\/javascript\" src=\"https:\/\/www.weezevent.com\/js\/multi\/multi.js\"><\/script><\/p>\n<p>Faire un don en ligne au profit de l&rsquo;association :<\/p>\n<p><iframe loading=\"lazy\" id=\"weezmulti\" class=\"weezmulticlass\" src=\"https:\/\/www.weezevent.com\/widget_multi.php?77032.3.1\" width=\"100%\" height=\"100%\" frameborder=\"0\" scrolling=\"auto\"><\/iframe><script type=\"text\/javascript\" src=\"https:\/\/www.weezevent.com\/js\/multi\/multi.js\"><\/script><\/p>\n<p>Acqu\u00e9rir la r\u00e9\u00e9dition du livre \u00ab\u00a0L&rsquo;Arrestation des Tantes du Roi \u00e0 Arnay-le-Duc\u00a0\u00bb<\/p>\n<p><iframe loading=\"lazy\" id=\"weezmulti\" class=\"weezmulticlass\" src=\"https:\/\/www.weezevent.com\/widget_multi.php?77032.5.1\" width=\"100%\" height=\"100%\" frameborder=\"0\" scrolling=\"auto\"><\/iframe><script type=\"text\/javascript\" src=\"https:\/\/www.weezevent.com\/js\/multi\/multi.js\"><\/script><\/p>\n","protected":false},"excerpt":{"rendered":"<p>Vous pouvez dor\u00e9navant r\u00e9gler votre cotisation annuelle\u00a0directement sur notre site\u00a0via la plateforme Weezevent. L\u2019association Claude Guyot est reconnue d\u2019int\u00e9r\u00eat g\u00e9n\u00e9ral par la Direction des Finances Publiques. Les adh\u00e9rents, \u00e0 ce titre, peuvent d\u00e9duire de leur revenu 66% des sommes vers\u00e9es, dans la limite de 20% du revenu imposable. Payez votre cotisation en ligne : Faire &hellip; <a href=\"https:\/\/www.claudeguyot.com\/index.php\/adherer-en-ligne\/\" class=\"more-link\">Continuer la lecture de <span class=\"screen-reader-text\">Adh\u00e9sion et paiements en ligne<\/span>  <span class=\"meta-nav\">&rarr;<\/span><\/a><\/p>\n","protected":false},"author":1,"featured_media":0,"parent":0,"menu_order":1,"comment_status":"closed","ping_status":"closed","template":"","meta":{"footnotes":""},"class_list":["post-46","page","type-page","status-publish","hentry"],"yoast_head":"<!-- This site is optimized with the Yoast SEO plugin v19.9 - https:\/\/yoast.com\/wordpress\/plugins\/seo\/ -->\n<title>Adh\u00e9sion et paiements en ligne - Association Claude Guyot<\/title>\n<meta name=\"robots\" content=\"index, follow, max-snippet:-1, max-image-preview:large, max-video-preview:-1\" \/>\n<link rel=\"canonical\" href=\"https:\/\/www.claudeguyot.com\/index.php\/adherer-en-ligne\/\" \/>\n<meta property=\"og:locale\" content=\"fr_FR\" \/>\n<meta property=\"og:type\" content=\"article\" \/>\n<meta property=\"og:title\" content=\"Adh\u00e9sion et paiements en ligne - Association Claude Guyot\" \/>\n<meta property=\"og:description\" content=\"Vous pouvez dor\u00e9navant r\u00e9gler votre cotisation annuelle\u00a0directement sur notre site\u00a0via la plateforme Weezevent. L\u2019association Claude Guyot est reconnue d\u2019int\u00e9r\u00eat g\u00e9n\u00e9ral par la Direction des Finances Publiques. Les adh\u00e9rents, \u00e0 ce titre, peuvent d\u00e9duire de leur revenu 66% des sommes vers\u00e9es, dans la limite de 20% du revenu imposable. Payez votre cotisation en ligne : Faire &hellip; Continuer la lecture de Adh\u00e9sion et paiements en ligne &rarr;\" \/>\n<meta property=\"og:url\" content=\"https:\/\/www.claudeguyot.com\/index.php\/adherer-en-ligne\/\" \/>\n<meta property=\"og:site_name\" content=\"Association Claude Guyot\" \/>\n<meta property=\"article:modified_time\" content=\"2025-09-05T13:35:53+00:00\" \/>\n<meta name=\"twitter:card\" content=\"summary_large_image\" \/>\n<meta name=\"twitter:label1\" content=\"Dur\u00e9e de lecture estim\u00e9e\" \/>\n\t<meta name=\"twitter:data1\" content=\"1 minute\" \/>\n<script type=\"application\/ld+json\" class=\"yoast-schema-graph\">{\"@context\":\"https:\/\/schema.org\",\"@graph\":[{\"@type\":\"WebPage\",\"@id\":\"https:\/\/www.claudeguyot.com\/index.php\/adherer-en-ligne\/\",\"url\":\"https:\/\/www.claudeguyot.com\/index.php\/adherer-en-ligne\/\",\"name\":\"Adh\u00e9sion et paiements en ligne - Association Claude Guyot\",\"isPartOf\":{\"@id\":\"https:\/\/www.claudeguyot.com\/#website\"},\"datePublished\":\"2016-09-05T17:52:26+00:00\",\"dateModified\":\"2025-09-05T13:35:53+00:00\",\"breadcrumb\":{\"@id\":\"https:\/\/www.claudeguyot.com\/index.php\/adherer-en-ligne\/#breadcrumb\"},\"inLanguage\":\"fr-FR\",\"potentialAction\":[{\"@type\":\"ReadAction\",\"target\":[\"https:\/\/www.claudeguyot.com\/index.php\/adherer-en-ligne\/\"]}]},{\"@type\":\"BreadcrumbList\",\"@id\":\"https:\/\/www.claudeguyot.com\/index.php\/adherer-en-ligne\/#breadcrumb\",\"itemListElement\":[{\"@type\":\"ListItem\",\"position\":1,\"name\":\"Accueil\",\"item\":\"https:\/\/www.claudeguyot.com\/\"},{\"@type\":\"ListItem\",\"position\":2,\"name\":\"Adh\u00e9sion et paiements en ligne\"}]},{\"@type\":\"WebSite\",\"@id\":\"https:\/\/www.claudeguyot.com\/#website\",\"url\":\"https:\/\/www.claudeguyot.com\/\",\"name\":\"Association Claude Guyot\",\"description\":\"Association loi 1901 reconnue d&#039;int\u00e9r\u00eat g\u00e9n\u00e9ral\",\"potentialAction\":[{\"@type\":\"SearchAction\",\"target\":{\"@type\":\"EntryPoint\",\"urlTemplate\":\"https:\/\/www.claudeguyot.com\/?s={search_term_string}\"},\"query-input\":\"required name=search_term_string\"}],\"inLanguage\":\"fr-FR\"}]}<\/script>\n<!-- \/ Yoast SEO plugin. -->","yoast_head_json":{"title":"Adh\u00e9sion et paiements en ligne - Association Claude Guyot","robots":{"index":"index","follow":"follow","max-snippet":"max-snippet:-1","max-image-preview":"max-image-preview:large","max-video-preview":"max-video-preview:-1"},"canonical":"https:\/\/www.claudeguyot.com\/index.php\/adherer-en-ligne\/","og_locale":"fr_FR","og_type":"article","og_title":"Adh\u00e9sion et paiements en ligne - Association Claude Guyot","og_description":"Vous pouvez dor\u00e9navant r\u00e9gler votre cotisation annuelle\u00a0directement sur notre site\u00a0via la plateforme Weezevent. L\u2019association Claude Guyot est reconnue d\u2019int\u00e9r\u00eat g\u00e9n\u00e9ral par la Direction des Finances Publiques. Les adh\u00e9rents, \u00e0 ce titre, peuvent d\u00e9duire de leur revenu 66% des sommes vers\u00e9es, dans la limite de 20% du revenu imposable. Payez votre cotisation en ligne : Faire &hellip; Continuer la lecture de Adh\u00e9sion et paiements en ligne &rarr;","og_url":"https:\/\/www.claudeguyot.com\/index.php\/adherer-en-ligne\/","og_site_name":"Association Claude Guyot","article_modified_time":"2025-09-05T13:35:53+00:00","twitter_card":"summary_large_image","twitter_misc":{"Dur\u00e9e de lecture estim\u00e9e":"1 minute"},"schema":{"@context":"https:\/\/schema.org","@graph":[{"@type":"WebPage","@id":"https:\/\/www.claudeguyot.com\/index.php\/adherer-en-ligne\/","url":"https:\/\/www.claudeguyot.com\/index.php\/adherer-en-ligne\/","name":"Adh\u00e9sion et paiements en ligne - Association Claude Guyot","isPartOf":{"@id":"https:\/\/www.claudeguyot.com\/#website"},"datePublished":"2016-09-05T17:52:26+00:00","dateModified":"2025-09-05T13:35:53+00:00","breadcrumb":{"@id":"https:\/\/www.claudeguyot.com\/index.php\/adherer-en-ligne\/#breadcrumb"},"inLanguage":"fr-FR","potentialAction":[{"@type":"ReadAction","target":["https:\/\/www.claudeguyot.com\/index.php\/adherer-en-ligne\/"]}]},{"@type":"BreadcrumbList","@id":"https:\/\/www.claudeguyot.com\/index.php\/adherer-en-ligne\/#breadcrumb","itemListElement":[{"@type":"ListItem","position":1,"name":"Accueil","item":"https:\/\/www.claudeguyot.com\/"},{"@type":"ListItem","position":2,"name":"Adh\u00e9sion et paiements en ligne"}]},{"@type":"WebSite","@id":"https:\/\/www.claudeguyot.com\/#website","url":"https:\/\/www.claudeguyot.com\/","name":"Association Claude Guyot","description":"Association loi 1901 reconnue d&#039;int\u00e9r\u00eat g\u00e9n\u00e9ral","potentialAction":[{"@type":"SearchAction","target":{"@type":"EntryPoint","urlTemplate":"https:\/\/www.claudeguyot.com\/?s={search_term_string}"},"query-input":"required name=search_term_string"}],"inLanguage":"fr-FR"}]}},"_links":{"self":[{"href":"https:\/\/www.claudeguyot.com\/index.php\/wp-json\/wp\/v2\/pages\/46","targetHints":{"allow":["GET"]}}],"collection":[{"href":"https:\/\/www.claudeguyot.com\/index.php\/wp-json\/wp\/v2\/pages"}],"about":[{"href":"https:\/\/www.claudeguyot.com\/index.php\/wp-json\/wp\/v2\/types\/page"}],"author":[{"embeddable":true,"href":"https:\/\/www.claudeguyot.com\/index.php\/wp-json\/wp\/v2\/users\/1"}],"replies":[{"embeddable":true,"href":"https:\/\/www.claudeguyot.com\/index.php\/wp-json\/wp\/v2\/comments?post=46"}],"version-history":[{"count":24,"href":"https:\/\/www.claudeguyot.com\/index.php\/wp-json\/wp\/v2\/pages\/46\/revisions"}],"predecessor-version":[{"id":1616,"href":"https:\/\/www.claudeguyot.com\/index.php\/wp-json\/wp\/v2\/pages\/46\/revisions\/1616"}],"wp:attachment":[{"href":"https:\/\/www.claudeguyot.com\/index.php\/wp-json\/wp\/v2\/media?parent=46"}],"curies":[{"name":"wp","href":"https:\/\/api.w.org\/{rel}","templated":true}]}}